{"id":108,"date":"2020-04-08T10:23:45","date_gmt":"2020-04-08T10:23:45","guid":{"rendered":"https:\/\/appikene.ee\/lalala\/?page_id=108"},"modified":"2024-10-02T12:48:55","modified_gmt":"2024-10-02T12:48:55","slug":"vastutust-valistav-klausel","status":"publish","type":"page","link":"https:\/\/seki.ee\/lalala\/vastutust-valistav-klausel\/","title":{"rendered":"Vastutust v\u00e4listav klausel"},"content":{"rendered":"<p>K\u00e4esoleval veebilehel toodud postituste sisu on m\u00f5eldud ainult omaette kasutamiseks ning kohe \u00fcldse ei tohi uskuda, et \u00fckski neist taotleb absoluutset t\u00f5de. Nende tegemiseks on kasutatud internetis sel hetkel vabalt saada olevat teavet ja seda oma parema n\u00e4gemise j\u00e4rgi t\u00f6\u00f6deldud. Laulude tekstid ja akordid on siin enesearenduse ja \u00f5ppimise eesm\u00e4rgil. Samal moel v\u00f5ib iga huviline siinset sisu vabalt kasutada ka iseenda lauluhuvi seadistamiseks. Kui keegi tunneb, et miski siin rikub tema \u00f5igusi, siis ma olen valmis teda \u00e4ra kuulama ja vajadusel v\u00f5tma meetmeid.<br \/>\nseki \/\u00e4t\/ seki.ee<\/p>\n","protected":false},"excerpt":{"rendered":"<p>K\u00e4esoleval veebilehel toodud postituste sisu on m\u00f5eldud ainult omaette kasutamiseks ning kohe \u00fcldse ei tohi uskuda, et \u00fckski neist taotleb absoluutset t\u00f5de. Nende tegemiseks on kasutatud internetis sel hetkel vabalt saada olevat teavet ja seda oma parema n\u00e4gemise j\u00e4rgi t\u00f6\u00f6deldud. Laulude tekstid ja akordid on siin enesearenduse ja \u00f5ppimise eesm\u00e4rgil. Samal moel v\u00f5ib iga huviline [&hellip;]<\/p>\n","protected":false},"author":2,"featured_media":0,"parent":0,"menu_order":0,"comment_status":"closed","ping_status":"closed","template":"","meta":{"footnotes":""},"class_list":["post-108","page","type-page","status-publish","hentry"],"_links":{"self":[{"href":"https:\/\/seki.ee\/lalala\/wp-json\/wp\/v2\/pages\/108","targetHints":{"allow":["GET"]}}],"collection":[{"href":"https:\/\/seki.ee\/lalala\/wp-json\/wp\/v2\/pages"}],"about":[{"href":"https:\/\/seki.ee\/lalala\/wp-json\/wp\/v2\/types\/page"}],"author":[{"embeddable":true,"href":"https:\/\/seki.ee\/lalala\/wp-json\/wp\/v2\/users\/2"}],"replies":[{"embeddable":true,"href":"https:\/\/seki.ee\/lalala\/wp-json\/wp\/v2\/comments?post=108"}],"version-history":[{"count":1,"href":"https:\/\/seki.ee\/lalala\/wp-json\/wp\/v2\/pages\/108\/revisions"}],"predecessor-version":[{"id":508,"href":"https:\/\/seki.ee\/lalala\/wp-json\/wp\/v2\/pages\/108\/revisions\/508"}],"wp:attachment":[{"href":"https:\/\/seki.ee\/lalala\/wp-json\/wp\/v2\/media?parent=108"}],"curies":[{"name":"wp","href":"https:\/\/api.w.org\/{rel}","templated":true}]}}