{"id":205,"date":"2020-06-19T12:11:17","date_gmt":"2020-06-19T12:11:17","guid":{"rendered":"https:\/\/appikene.ee\/lalala\/?page_id=205"},"modified":"2024-12-02T18:11:30","modified_gmt":"2024-12-02T18:11:30","slug":"eesti-lood","status":"publish","type":"page","link":"https:\/\/seki.ee\/lalala\/eesti-lood\/","title":{"rendered":"Eesti lood"},"content":{"rendered":"<pre><code><ul class=\"lcp_catlist\" id=\"lcp_instance_0\"><li><a href=\"https:\/\/seki.ee\/lalala\/vennaskond-ja-lootsanoobid-korsaarilugu-ii\/\">Vennaskond ja L\u00f5\u00f5tsan\u00f6\u00f6bid &#8211; Korsaarilugu II<\/a><\/li><li><a href=\"https:\/\/seki.ee\/lalala\/flyers-valge-vein-ja-tume-rumm\/\">Flyers &#8211; Valge vein ja tume rumm<\/a><\/li><li><a href=\"https:\/\/seki.ee\/lalala\/dynamint-klubi-paradiis\/\">Dynamint &#8211; Klubi Paradiis<\/a><\/li><li><a href=\"https:\/\/seki.ee\/lalala\/vennad-urbid-soidulaul\/\">Vennad Urbid &#8211; S\u00f5idulaul<\/a><\/li><li><a href=\"https:\/\/seki.ee\/lalala\/allan-vainola-ara-arata-mind\/\">Allan Vainola &#8211; \u00c4ra \u00e4rata mind<\/a><\/li><li><a href=\"https:\/\/seki.ee\/lalala\/vennaskond-loss-taivalkoskis\/\">Vennaskond &#8211; Loss Taivalkoskis<\/a><\/li><li><a href=\"https:\/\/seki.ee\/lalala\/joululaul-keerlevaid-langevaid-helbeid-on-tais\/\">J\u00f5ululaul &#8211; Keerlevaid, langevaid helbeid on t\u00e4is<\/a><\/li><li><a href=\"https:\/\/seki.ee\/lalala\/joululaul-meil-metsas-sirgus-kuuseke\/\">J\u00f5ululaul &#8211; Meil metsas sirgus kuuseke<\/a><\/li><li><a href=\"https:\/\/seki.ee\/lalala\/joululaul-valged-joulud\/\">J\u00f5ululaul &#8211; Valged j\u00f5ulud<\/a><\/li><li><a href=\"https:\/\/seki.ee\/lalala\/joululaul-aisakell\/\">J\u00f5ululaul &#8211; Aisakell<\/a><\/li><li><a href=\"https:\/\/seki.ee\/lalala\/joululaul-oh-kuusepuu\/\">J\u00f5ululaul &#8211; Oh, kuusepuu<\/a><\/li><li><a href=\"https:\/\/seki.ee\/lalala\/joululaul-talvevolumaa\/\">J\u00f5ululaul &#8211; Talvev\u00f5lumaa<\/a><\/li><li><a href=\"https:\/\/seki.ee\/lalala\/sopruse-puiestee-1989\/\">S\u00f5pruse puiestee &#8211; 1989<\/a><\/li><li><a href=\"https:\/\/seki.ee\/lalala\/agape-oo\/\">Agape &#8211; \u00d6\u00f6<\/a><\/li><li><a href=\"https:\/\/seki.ee\/lalala\/agape-aeg\/\">Agape &#8211; Aeg<\/a><\/li><li><a href=\"https:\/\/seki.ee\/lalala\/kehad-maed-ja-mered\/\">Kehad &#8211; M\u00e4ed ja mered<\/a><\/li><li><a href=\"https:\/\/seki.ee\/lalala\/urmas-alender-ule-helkleva-vee\/\">Urmas Alender &#8211; \u00dcle helkleva vee<\/a><\/li><li><a href=\"https:\/\/seki.ee\/lalala\/tajo-kadajas-ara-tule\/\">Tajo Kadajas &#8211; \u00c4ra tule<\/a><\/li><li><a href=\"https:\/\/seki.ee\/lalala\/hansapaevad-ma-ei-tea\/\">Hansap\u00e4evad &#8211; Ma ei tea<\/a><\/li><li><a href=\"https:\/\/seki.ee\/lalala\/kurjam-surm-tappis-ara\/\">Kurjam &#8211; Surm tappis \u00e4ra<\/a><\/li><li><a href=\"https:\/\/seki.ee\/lalala\/jaak-tuksam-meil-on-elu-keset-metsa\/\">Jaak Tuksam &#8211; Meil on elu keset metsa<\/a><\/li><li><a href=\"https:\/\/seki.ee\/lalala\/vennaskond-purpurpunased-purjed\/\">Vennaskond &#8211; Purpurpunased purjed<\/a><\/li><li><a href=\"https:\/\/seki.ee\/lalala\/vennaskond-reis-kuule\/\">Vennaskond &#8211; Reis Kuule<\/a><\/li><li><a href=\"https:\/\/seki.ee\/lalala\/laul-kaugest-kodust\/\">Laul kaugest kodust<\/a><\/li><li><a href=\"https:\/\/seki.ee\/lalala\/mr-happyman-las-mina-proovin-siis-ka\/\">Mr Happyman &#8211; Las mina proovin siis ka<\/a><\/li><li><a href=\"https:\/\/seki.ee\/lalala\/kiritoo-veel\/\">Kirit\u00f6\u00f6 &#8211; Veel<\/a><\/li><li><a href=\"https:\/\/seki.ee\/lalala\/the-tuberkuloited-vaike-hipi\/\">The Tuberkuloited &#8211; V\u00e4ike hipi<\/a><\/li><li><a href=\"https:\/\/seki.ee\/lalala\/the-tuberkuloited-pohjamaa-neid\/\">The Tuberkuloited &#8211; P\u00f5hjamaa neid<\/a><\/li><li><a href=\"https:\/\/seki.ee\/lalala\/karl-madis-kaugel-maal\/\">Karl Madis &#8211; Kaugel maal<\/a><\/li><li><a href=\"https:\/\/seki.ee\/lalala\/kiigelaulukuuik-valentini-paev\/\">Kiigelaulukuuik &#8211; Valentini p\u00e4ev<\/a><\/li><li><a href=\"https:\/\/seki.ee\/lalala\/anet-vaikmaa-sulle-kes-sa-kaugel\/\">Anet Vaikmaa &#8211; Sulle kes sa kaugel<\/a><\/li><li><a href=\"https:\/\/seki.ee\/lalala\/sugisesed-kirjad\/\">S\u00fcgisesed kirjad<\/a><\/li><li><a href=\"https:\/\/seki.ee\/lalala\/black-velvet-17\/\">Black Velvet &#8211; 17<\/a><\/li><li><a href=\"https:\/\/seki.ee\/lalala\/estin-esimene-lumi\/\">Estin &#8211; Esimene lumi<\/a><\/li><li><a href=\"https:\/\/seki.ee\/lalala\/ines-koik-mis-tahta-voin\/\">Ines &#8211; K\u00f5ik, mis tahta v\u00f5in<\/a><\/li><li><a href=\"https:\/\/seki.ee\/lalala\/toomas-uibo-laul-pohjamaast-filmisonad\/\">Toomas Uibo &#8211; Laul p\u00f5hjamaast &#8211; filmis\u00f5nad<\/a><\/li><li><a href=\"https:\/\/seki.ee\/lalala\/vaido-neigaus-just-nii-beib\/\">Vaido Neigaus &#8211; Just nii beib<\/a><\/li><li><a href=\"https:\/\/seki.ee\/lalala\/mis-tegema-nuud-pean\/\">Mari-Liis &#8211; Mis tegema n\u00fc\u00fcd pean<\/a><\/li><li><a href=\"https:\/\/seki.ee\/lalala\/saaremaa-valss\/\">Raimond Valgre &#8211; Saaremaa valss<\/a><\/li><li><a href=\"https:\/\/seki.ee\/lalala\/suveparadiis\/\">Mr. Happyman &#8211; Suveparadiis<\/a><\/li><li><a href=\"https:\/\/seki.ee\/lalala\/kaunis-maa\/\">Edgar Savisaar &#8211; Kaunis maa<\/a><\/li><li><a href=\"https:\/\/seki.ee\/lalala\/kodulaul\/\">Toomas Uibo &#8211; Kodulaul<\/a><\/li><li><a href=\"https:\/\/seki.ee\/lalala\/eesti-muld-ja-eesti-suda\/\">Ruja &#8211; Eesti muld ja Eesti s\u00fcda<\/a><\/li><li><a href=\"https:\/\/seki.ee\/lalala\/nii-vaikseks-koik-on-jaanud\/\">Ruja &#8211; Nii vaikseks k\u00f5ik on j\u00e4\u00e4nud<\/a><\/li><li><a href=\"https:\/\/seki.ee\/lalala\/eleegia\/\">Vennaskond &#8211; Eleegia<\/a><\/li><li><a href=\"https:\/\/seki.ee\/lalala\/must-ja-valge\/\">Alumiinium, sinu s\u00e4delev s\u00f5ber &#8211; Must ja valge<\/a><\/li><li><a href=\"https:\/\/seki.ee\/lalala\/ooliblikad\/\">The Tuberkuloited &#8211; \u00d6\u00f6liblikad<\/a><\/li><li><a href=\"https:\/\/seki.ee\/lalala\/kodusoda\/\">Singer Vinger &#8211; Kodus\u00f5da<\/a><\/li><li><a href=\"https:\/\/seki.ee\/lalala\/emigrant\/\">Vennaskond &#8211; Emigrant<\/a><\/li><li><a href=\"https:\/\/seki.ee\/lalala\/seest-laeb-hing\/\">6-pack &#8211; Seest l\u00e4eb hing<\/a><\/li><li><a href=\"https:\/\/seki.ee\/lalala\/malestus-tuhmub\/\">Vennaskond &#8211; M\u00e4lestus tuhmub<\/a><\/li><li><a href=\"https:\/\/seki.ee\/lalala\/maailma-lopus-on-kohvik-kus-kunagi-kohtume-koik\/\">Vennaskond &#8211; Maailma l\u00f5pus on kohvik, kus kunagi kohtume k\u00f5ik<\/a><\/li><li><a href=\"https:\/\/seki.ee\/lalala\/1000-2\/\">Alumiinium, sinu s\u00e4delev s\u00f5ber &#8211; 1000<\/a><\/li><li><a href=\"https:\/\/seki.ee\/lalala\/teisel-pool-vett\/\">Ruja &#8211; Teisel pool vett<\/a><\/li><li><a href=\"https:\/\/seki.ee\/lalala\/imeline-aas\/\">Vennad Urbid &#8211; Imeline laas<\/a><\/li><li><a href=\"https:\/\/seki.ee\/lalala\/vaiki-kui-void\/\">Ruja &#8211; Vaiki, kui v\u00f5id<\/a><\/li><li><a href=\"https:\/\/seki.ee\/lalala\/soo\/\">Untsakad &#8211; Soo<\/a><\/li><li><a href=\"https:\/\/seki.ee\/lalala\/meie-maast-ida-pool\/\">Untsakad &#8211; Meie maast ida pool<\/a><\/li><li><a href=\"https:\/\/seki.ee\/lalala\/mehed-metsas\/\">Untsakad &#8211; Mehed metsas<\/a><\/li><li><a href=\"https:\/\/seki.ee\/lalala\/viimaste-majade-taga\/\">The Tuberkuloited &#8211; Viimaste majade taga<\/a><\/li><li><a href=\"https:\/\/seki.ee\/lalala\/sulle-koik-nuud-utlen\/\">Helgi Sallo ja Kalju Terasmaa &#8211; Sulle k\u00f5ik n\u00fc\u00fcd \u00fctlen<\/a><\/li><li><a href=\"https:\/\/seki.ee\/lalala\/kuni-veel-sind-hoida-suudan\/\">Proov 583 &#8211; Kuni veel sind hoida suudan<\/a><\/li><li><a href=\"https:\/\/seki.ee\/lalala\/jaa-alati-mu-katte\/\">Merili Varik &#8211; J\u00e4\u00e4 alati mu k\u00e4tte<\/a><\/li><li><a href=\"https:\/\/seki.ee\/lalala\/goodbye-to-yesterday\/\">Elina Born &#038; Stig R\u00e4sta &#8211; Goodbye to Yesterday<\/a><\/li><li><a href=\"https:\/\/seki.ee\/lalala\/ballaad-punastest-paeltest\/\">Metsat\u00f6ll &#8211; Ballaad punastest paeltest<\/a><\/li><li><a href=\"https:\/\/seki.ee\/lalala\/viimane-tramm\/\">J\u00e4\u00e4\u00e4\u00e4r &#8211; Viimane tramm<\/a><\/li><li><a href=\"https:\/\/seki.ee\/lalala\/kuhu-kull-koik-lilled-jaid\/\">Lindpriid &#8211; Kuhu k\u00fcll k\u00f5ik lilled j\u00e4id<\/a><\/li><li><a href=\"https:\/\/seki.ee\/lalala\/kauges-kulas\/\">Curly Strings &#8211; Kauges k\u00fclas<\/a><\/li><li><a href=\"https:\/\/seki.ee\/lalala\/nad-ei-tea-mu-nime\/\">Taukar &#8211; Nad ei tea mu nime<\/a><\/li><li><a href=\"https:\/\/seki.ee\/lalala\/ootan-tuult\/\">Monitor &#8211; Ootan tuult<\/a><\/li><li><a href=\"https:\/\/seki.ee\/lalala\/minna-lihtsalt-nii\/\">Mahavok &#8211; Minna lihtsalt nii<\/a><\/li><li><a href=\"https:\/\/seki.ee\/lalala\/lootus\/\">Janika Sillamaa &#8211; Lootus<\/a><\/li><li><a href=\"https:\/\/seki.ee\/lalala\/tanulaul\/\">Sepo Seeman &#8211; T\u00e4nulaul<\/a><\/li><li><a href=\"https:\/\/seki.ee\/lalala\/tulge-koik\/\">S\u00f5najalg &#8211; Tulge k\u00f5ik<\/a><\/li><li><a href=\"https:\/\/seki.ee\/lalala\/sind-surmani\/\">Koorilaul &#8211; Sind surmani<\/a><\/li><li><a href=\"https:\/\/seki.ee\/lalala\/koik-laheb-mooda\/\">Urmas Alender &#8211; K\u00f5ik l\u00e4heb m\u00f6\u00f6da<\/a><\/li><\/ul><\/code><\/pre>\n","protected":false},"excerpt":{"rendered":"","protected":false},"author":2,"featured_media":0,"parent":0,"menu_order":0,"comment_status":"closed","ping_status":"closed","template":"","meta":{"footnotes":""},"class_list":["post-205","page","type-page","status-publish","hentry"],"_links":{"self":[{"href":"https:\/\/seki.ee\/lalala\/wp-json\/wp\/v2\/pages\/205","targetHints":{"allow":["GET"]}}],"collection":[{"href":"https:\/\/seki.ee\/lalala\/wp-json\/wp\/v2\/pages"}],"about":[{"href":"https:\/\/seki.ee\/lalala\/wp-json\/wp\/v2\/types\/page"}],"author":[{"embeddable":true,"href":"https:\/\/seki.ee\/lalala\/wp-json\/wp\/v2\/users\/2"}],"replies":[{"embeddable":true,"href":"https:\/\/seki.ee\/lalala\/wp-json\/wp\/v2\/comments?post=205"}],"version-history":[{"count":8,"href":"https:\/\/seki.ee\/lalala\/wp-json\/wp\/v2\/pages\/205\/revisions"}],"predecessor-version":[{"id":511,"href":"https:\/\/seki.ee\/lalala\/wp-json\/wp\/v2\/pages\/205\/revisions\/511"}],"wp:attachment":[{"href":"https:\/\/seki.ee\/lalala\/wp-json\/wp\/v2\/media?parent=205"}],"curies":[{"name":"wp","href":"https:\/\/api.w.org\/{rel}","templated":true}]}}